{"id":2616,"date":"2021-04-21T15:01:08","date_gmt":"2021-04-21T15:01:08","guid":{"rendered":"https:\/\/www.wtbgroup.com\/terms-of-use\/"},"modified":"2024-04-05T13:53:06","modified_gmt":"2024-04-05T13:53:06","slug":"terms-of-use","status":"publish","type":"page","link":"https:\/\/www.wtbgroup.com\/en\/terms-of-use\/","title":{"rendered":"Terms of use"},"content":{"rendered":"\t\t<div data-elementor-type=\"wp-page\" data-elementor-id=\"2616\" class=\"elementor elementor-2616 elementor-34\" data-elementor-post-type=\"page\">\n\t\t\t\t<div class=\"elementor-element elementor-element-12776402 e-flex e-con-boxed e-con e-parent\" data-id=\"12776402\" data-element_type=\"container\">\n\t\t\t\t\t<div class=\"e-con-inner\">\n\t\t\t\t<div class=\"elementor-element elementor-element-57c33681 elementor-widget elementor-widget-text-editor\" data-id=\"57c33681\" data-element_type=\"widget\" data-widget_type=\"text-editor.default\">\n\t\t\t\t<div class=\"elementor-widget-container\">\n\t\t\t\t\t\t\t\t\t\n<h2>1. Site presentation<\/h2>\n\n\n\n<p>In accordance with article 6 of French law no. 2004-575 of June 21, 2004 on confidence in the digital economy, users of the <a href=\"https:\/\/www.wtbgroup.com\/en\/\" target=\"_blank\" rel=\"noreferrer noopener\">www.wtbgroup.com<\/a> website are informed of the identity of the various parties involved in its creation and follow-up:<\/p>\n\n\n\n<p><strong>Owner<\/strong>: SARL WTB GROUP &#8211; 519 131 148 RCS Rennes &#8211; TVA intracommunautaire FR 62519131148 &#8211; 16 rue du Bocage &#8211; ZA du Haut Dant\u00e9 &#8211; 35520 La Chapelle-des-Fougeretz au capital de 20 000\u20ac.<\/p>\n\n\n\n<p><strong>Designer<\/strong>: <a href=\"http:\/\/www.r2.fr\/\">R2 Agence Digitale<\/a><\/p>\n\n\n\n<p><strong>Host<\/strong>: ICODIA 22 Rue de l&#8217;Erboni\u00e8re, 35510 Cesson-S\u00e9vign\u00e9 &#8211; tel : 08 25 59 59 35<\/p>\n\n\n\n<h2>2. General conditions of use of the site and the services offered.<\/h2>\n\n\n\n<p>Use of the <a href=\"https:\/\/www.wtbgroup.com\/en\/\" target=\"_blank\" rel=\"noreferrer noopener\">www.wtbgroup.com<\/a> website implies full acceptance of the general conditions of use described below. These conditions of use may be amended or supplemented at any time, so users of the <a href=\"https:\/\/www.wtbgroup.com\/en\/\" target=\"_blank\" rel=\"noreferrer noopener\">www.wtbgroup.com<\/a> website are advised to consult them regularly.<\/p>\n\n\n\n<p>The <a href=\"https:\/\/www.wtbgroup.com\/en\/\" target=\"_blank\" rel=\"noreferrer noopener\">www.wtbgroup.com<\/a> website is updated regularly. In the same way, the legal notices may be modified at any time: they are nevertheless binding on the user, who is invited to refer to them as often as possible in order to take cognizance of them.<\/p>\n\n\n\n<h2>3. Description of services provided.<\/h2>\n\n\n\n<p>The purpose of the <a href=\"https:\/\/www.wtbgroup.com\/en\/\" target=\"_blank\" rel=\"noreferrer noopener\">www.wtbgroup.com<\/a> website is to provide information about all the company&#8217;s activities.<\/p>\n\n\n\n<p>WTB GROUP endeavours to provide information on the <a href=\"https:\/\/www.wtbgroup.com\/en\/\" target=\"_blank\" rel=\"noreferrer noopener\">www.wtbgroup.com<\/a> website that is as accurate as possible. However, it cannot be held responsible for any omissions, inaccuracies or failure to update information, whether due to its own fault or that of third-party partners who supply it.<\/p>\n\n\n\n<p>All information on the <a href=\"https:\/\/www.wtbgroup.com\/en\/\" target=\"_blank\" rel=\"noreferrer noopener\">www.wtbgroup.com<\/a> website is provided for information purposes only, and is subject to change. Furthermore, the information provided on the <a href=\"https:\/\/www.wtbgroup.com\/en\/\" target=\"_blank\" rel=\"noreferrer noopener\">www.wtbgroup.com<\/a> website is not exhaustive. They are subject to any changes that may have been made since they were put online.<\/p>\n\n\n\n<h2>4. Contractual limitations on technical data.<\/h2>\n\n\n\n<p>The site uses JavaScript technology.<\/p>\n\n\n\n<p>The website cannot be held responsible for any material damage resulting from use of the site.<\/p>\n\n\n\n<h2>5. Intellectual property and counterfeiting.<\/h2>\n\n\n\n<p>WTB GROUP is the owner of the intellectual property rights or holds the rights of use on all the elements accessible on the site, in particular the texts, images, graphics, logos, icons, sounds, software.<\/p>\n\n\n\n<p>Any reproduction, representation, modification, publication, adaptation of all or part of the elements of the site, whatever the means or the process used, is prohibited, except prior written authorization of : WTB GROUP.<\/p>\n\n\n\n<p>Any unauthorized use of the site or of any of the elements it contains will be considered as counterfeiting and will be prosecuted in accordance with the provisions of articles L.335-2 et seq. of the French Intellectual Property Code.<\/p>\n\n\n\n<h2>6. Limitation of liability.<\/h2>\n\n\n\n<p>WTB GROUP cannot be held responsible for any direct or indirect damage caused to the user&#8217;s equipment when accessing the <a href=\"https:\/\/www.wtbgroup.com\/en\/\" target=\"_blank\" rel=\"noreferrer noopener\">www.wtbgroup.com<\/a> website, and resulting either from the use of equipment that does not meet the specifications indicated in point 4, or from the appearance of a bug or incompatibility.<\/p>\n\n\n\n<p>WTB GROUP cannot be held responsible for indirect damage (such as loss of business or loss of opportunity) resulting from the use of the <a href=\"https:\/\/www.wtbgroup.com\/en\/\" target=\"_blank\" rel=\"noreferrer noopener\">www.wtbgroup.com<\/a> website.<\/p>\n\n\n\n<h2>7. Personal data management.<\/h2>\n\n\n\n<p>In France, personal data is protected in particular by Law no. 78-87 of January 6, 1978, Law no. 2004-801 of August 6, 2004, Article L. 226-13 of the Penal Code , the European Directive of October 24, 1995 and Regulation no. 2016\/679, the so-called General Data Protection Regulation (RGPD).<\/p>\n\n\n\n<p>When using the <a href=\"https:\/\/www.wtbgroup.com\/en\/\" target=\"_blank\" rel=\"noreferrer noopener\">www.wtbgroup.com<\/a> website, the following information may be collected: the URL of the links through which the user has accessed the <a href=\"https:\/\/www.wtbgroup.com\/en\/\" target=\"_blank\" rel=\"noreferrer noopener\">www.wtbgroup.com<\/a> website <a href=\"https:\/\/www.wtbgroup.com\/en\/\" target=\"_blank\" rel=\"noreferrer noopener\">,<\/a> the user&#8217;s access provider, the user&#8217;s Internet protocol (IP) address.<\/p>\n\n\n\n<p>In any case, WTB GROUP only collects personal information relating to the user for the purpose of certain services offered by the <a href=\"https:\/\/www.wtbgroup.com\/en\/\" target=\"_blank\" rel=\"noreferrer noopener\">www.wtbgroup.com<\/a> website. The user provides this information with full knowledge of the facts, in particular when he\/she enters it him\/herself. Users of the <a href=\"https:\/\/www.wtbgroup.com\/en\/\" target=\"_blank\" rel=\"noreferrer noopener\">www.wtbgroup.com<\/a> website are informed whether or not they are required to provide this information.<\/p>\n\n\n\n<p>You can access your personal data, rectify it, request its deletion or exercise your right to limit the processing of your data. You may withdraw your consent to the processing of your data at any time; you may also object to the processing of your data; you may also exercise your right to the portability of your data.<\/p>\n\n\n\n<p>Visit <a href=\"http:\/\/cnil.fr\">cnil.fr<\/a> for more information on your rights.<\/p>\n\n\n\n<p>No personal information about the user of the <a href=\"https:\/\/www.wtbgroup.com\/en\/\" target=\"_blank\" rel=\"noreferrer noopener\">www.wtbgroup.com<\/a> site is published without the user&#8217;s knowledge, exchanged, transferred, ceded or sold on any medium whatsoever to third parties.<\/p>\n\n\n\n<p>Databases are protected by the provisions of the law of July 1, 1998, transposing directive 96\/9 of March 11, 1996, on the legal protection of databases.<\/p>\n\n\n\n<h2>8. Hyperlinks and cookies.<\/h2>\n\n\n\n<p>The <a href=\"https:\/\/www.wtbgroup.com\/en\/\" target=\"_blank\" rel=\"noreferrer noopener\">www.wtbgroup.com<\/a> website contains a number of hyperlinks to other sites, set up with the authorization of WTB GROUP. However, WTB GROUP is not in a position to check the content of sites visited in this way, and consequently assumes no liability in this respect.<\/p>\n\n\n\n<p>Browsing the <a href=\"https:\/\/www.wtbgroup.com\/en\/\" target=\"_blank\" rel=\"noreferrer noopener\">www.wtbgroup.com<\/a> website may result in the installation of cookie(s) on the user&#8217;s computer. A cookie is a small file which does not allow the user to be identified, but which records information relating to the navigation of a computer on a site. The data obtained in this way is intended to facilitate subsequent browsing of the site, and is also used to measure visitor numbers.<\/p>\n\n\n\n<p>Refusal to install a cookie may prevent you from accessing certain services. The user may, however, configure his or her computer as follows to refuse the installation of cookies:<\/p>\n\n\n\n<p>Internet Explorer: Tools tab (cog-shaped icon at top right) \/ Internet options. Click on Privacy and choose Block all cookies. Confirm with Ok.<\/p>\n\n\n\n<p>Firefox: at the top of the browser window, click on the Firefox button, then go to the Options tab. Click on the Privacy tab.<\/p>\n\n\n\n<p>Set Retention rules to: use custom settings for history. Finally, uncheck it to disable cookies.<\/p>\n\n\n\n<p>Safari: Click on the menu icon (symbolized by a cog) in the top right-hand corner of the browser. Select Settings. Click on Show advanced settings. In the &#8220;Privacy&#8221; section, click on Content settings. In the &#8220;Cookies&#8221; section, you can block cookies.<\/p>\n\n\n\n<p>Under Chrome: Click on the menu icon (symbolized by three horizontal lines) in the top right-hand corner of the browser. Select Settings. Click on Show advanced settings. In the &#8220;Privacy&#8221; section, click on preferences. In the &#8220;Privacy&#8221; tab, you can block cookies.<\/p>\n\n\n\n<h2>9. Applicable law and jurisdiction.<\/h2>\n\n\n\n<p>Any dispute relating to the use of the <a href=\"https:\/\/www.wtbgroup.com\/en\/\" target=\"_blank\" rel=\"noreferrer noopener\">www.wtbgroup.com<\/a> website is subject to French law. Exclusive jurisdiction is granted to the competent courts of Paris.<\/p>\n\n\n\n<h2>10. The main laws involved.<\/h2>\n\n\n\n<p>Law no. 78-17 of January 6, 1978, notably amended by Law no. 2004-801 of August 6, 2004 on information technology, files and freedoms and Regulation no. 2016\/679, the so-called General Data Protection Regulation (GDPR).<\/p>\n\n\n\n<p>Law no. 2004-575 of June 21, 2004 on confidence in the digital economy.<\/p>\n\n\n\n<h2>12. Lexicon<\/h2>\n\n\n\n<p>User: Internet user connecting to and using the above-mentioned site.<\/p>\n\n\n\n<p>Personal information: &#8220;information that allows, in any form whatsoever, directly or not, the identification of the natural persons to whom it applies&#8221; (Article 4 of Law No. 78-17 of January 6, 1978) and Regulation No. 2016\/679, known as the General Data Protection Regulation (RGPD).<\/p>\n\t\t\t\t\t\t\t\t<\/div>\n\t\t\t\t<\/div>\n\t\t\t\t\t<\/div>\n\t\t\t\t<\/div>\n\t\t\t\t<\/div>\n\t\t","protected":false},"excerpt":{"rendered":"<p>1. Site presentation In accordance with article 6 of French law no. 2004-575 of June 21, 2004 on confidence in the digital economy, users of the www.wtbgroup.com website are informed of the identity of the various parties involved in its creation and follow-up: Owner: SARL WTB GROUP &#8211; 519 131 148 RCS Rennes &#8211; TVA [&hellip;]<\/p>\n","protected":false},"author":11,"featured_media":0,"parent":0,"menu_order":0,"comment_status":"closed","ping_status":"closed","template":"","meta":{"_acf_changed":false,"footnotes":""},"class_list":["post-2616","page","type-page","status-publish","hentry"],"blocksy_meta":[],"acf":[],"yoast_head":"<!-- This site is optimized with the Yoast SEO plugin v26.7 - https:\/\/yoast.com\/wordpress\/plugins\/seo\/ -->\n<title>Terms of use | WTB Group<\/title>\n<meta name=\"robots\" content=\"index, follow, max-snippet:-1, max-image-preview:large, max-video-preview:-1\" \/>\n<link rel=\"canonical\" href=\"https:\/\/www.wtbgroup.com\/en\/terms-of-use\/\" \/>\n<meta property=\"og:locale\" content=\"en_US\" \/>\n<meta property=\"og:type\" content=\"article\" \/>\n<meta property=\"og:title\" content=\"Terms of use | WTB Group\" \/>\n<meta property=\"og:description\" content=\"1. Site presentation In accordance with article 6 of French law no. 2004-575 of June 21, 2004 on confidence in the digital economy, users of the www.wtbgroup.com website are informed of the identity of the various parties involved in its creation and follow-up: Owner: SARL WTB GROUP &#8211; 519 131 148 RCS Rennes &#8211; TVA [&hellip;]\" \/>\n<meta property=\"og:url\" content=\"https:\/\/www.wtbgroup.com\/en\/terms-of-use\/\" \/>\n<meta property=\"og:site_name\" content=\"WTB Group\" \/>\n<meta property=\"article:modified_time\" content=\"2024-04-05T13:53:06+00:00\" \/>\n<meta property=\"og:image\" content=\"https:\/\/www.wtbgroup.com\/app\/uploads\/2021\/05\/WEBTOB_DSC9471_logo-scaled-e1622211010121.jpg\" \/>\n\t<meta property=\"og:image:width\" content=\"2560\" \/>\n\t<meta property=\"og:image:height\" content=\"1273\" \/>\n\t<meta property=\"og:image:type\" content=\"image\/jpeg\" \/>\n<meta name=\"twitter:card\" content=\"summary_large_image\" \/>\n<meta name=\"twitter:label1\" content=\"Est. reading time\" \/>\n\t<meta name=\"twitter:data1\" content=\"6 minutes\" \/>\n<script type=\"application\/ld+json\" class=\"yoast-schema-graph\">{\"@context\":\"https:\/\/schema.org\",\"@graph\":[{\"@type\":\"WebPage\",\"@id\":\"https:\/\/www.wtbgroup.com\/en\/terms-of-use\/\",\"url\":\"https:\/\/www.wtbgroup.com\/en\/terms-of-use\/\",\"name\":\"Terms of use | WTB Group\",\"isPartOf\":{\"@id\":\"https:\/\/www.wtbgroup.com\/en\/#website\"},\"datePublished\":\"2021-04-21T15:01:08+00:00\",\"dateModified\":\"2024-04-05T13:53:06+00:00\",\"breadcrumb\":{\"@id\":\"https:\/\/www.wtbgroup.com\/en\/terms-of-use\/#breadcrumb\"},\"inLanguage\":\"en-US\",\"potentialAction\":[{\"@type\":\"ReadAction\",\"target\":[\"https:\/\/www.wtbgroup.com\/en\/terms-of-use\/\"]}]},{\"@type\":\"BreadcrumbList\",\"@id\":\"https:\/\/www.wtbgroup.com\/en\/terms-of-use\/#breadcrumb\",\"itemListElement\":[{\"@type\":\"ListItem\",\"position\":1,\"name\":\"Home\",\"item\":\"https:\/\/www.wtbgroup.com\/en\/\"},{\"@type\":\"ListItem\",\"position\":2,\"name\":\"Terms of use\"}]},{\"@type\":\"WebSite\",\"@id\":\"https:\/\/www.wtbgroup.com\/en\/#website\",\"url\":\"https:\/\/www.wtbgroup.com\/en\/\",\"name\":\"WTB Group\",\"description\":\"\u00c0 chaque dormeur son matelas\",\"publisher\":{\"@id\":\"https:\/\/www.wtbgroup.com\/en\/#organization\"},\"alternateName\":\"WTB Group\",\"potentialAction\":[{\"@type\":\"SearchAction\",\"target\":{\"@type\":\"EntryPoint\",\"urlTemplate\":\"https:\/\/www.wtbgroup.com\/en\/?s={search_term_string}\"},\"query-input\":{\"@type\":\"PropertyValueSpecification\",\"valueRequired\":true,\"valueName\":\"search_term_string\"}}],\"inLanguage\":\"en-US\"},{\"@type\":\"Organization\",\"@id\":\"https:\/\/www.wtbgroup.com\/en\/#organization\",\"name\":\"WTB Group\",\"url\":\"https:\/\/www.wtbgroup.com\/en\/\",\"logo\":{\"@type\":\"ImageObject\",\"inLanguage\":\"en-US\",\"@id\":\"https:\/\/www.wtbgroup.com\/en\/#\/schema\/logo\/image\/\",\"url\":\"https:\/\/www.wtbgroup.com\/app\/uploads\/2024\/02\/Wtb_group_favicon.svg\",\"contentUrl\":\"https:\/\/www.wtbgroup.com\/app\/uploads\/2024\/02\/Wtb_group_favicon.svg\",\"width\":512,\"height\":512,\"caption\":\"WTB Group\"},\"image\":{\"@id\":\"https:\/\/www.wtbgroup.com\/en\/#\/schema\/logo\/image\/\"},\"sameAs\":[\"https:\/\/www.linkedin.com\/company\/wtb-group\"]}]}<\/script>\n<!-- \/ Yoast SEO plugin. -->","yoast_head_json":{"title":"Terms of use | WTB Group","robots":{"index":"index","follow":"follow","max-snippet":"max-snippet:-1","max-image-preview":"max-image-preview:large","max-video-preview":"max-video-preview:-1"},"canonical":"https:\/\/www.wtbgroup.com\/en\/terms-of-use\/","og_locale":"en_US","og_type":"article","og_title":"Terms of use | WTB Group","og_description":"1. Site presentation In accordance with article 6 of French law no. 2004-575 of June 21, 2004 on confidence in the digital economy, users of the www.wtbgroup.com website are informed of the identity of the various parties involved in its creation and follow-up: Owner: SARL WTB GROUP &#8211; 519 131 148 RCS Rennes &#8211; TVA [&hellip;]","og_url":"https:\/\/www.wtbgroup.com\/en\/terms-of-use\/","og_site_name":"WTB Group","article_modified_time":"2024-04-05T13:53:06+00:00","og_image":[{"width":2560,"height":1273,"url":"https:\/\/www.wtbgroup.com\/app\/uploads\/2021\/05\/WEBTOB_DSC9471_logo-scaled-e1622211010121.jpg","type":"image\/jpeg"}],"twitter_card":"summary_large_image","twitter_misc":{"Est. reading time":"6 minutes"},"schema":{"@context":"https:\/\/schema.org","@graph":[{"@type":"WebPage","@id":"https:\/\/www.wtbgroup.com\/en\/terms-of-use\/","url":"https:\/\/www.wtbgroup.com\/en\/terms-of-use\/","name":"Terms of use | WTB Group","isPartOf":{"@id":"https:\/\/www.wtbgroup.com\/en\/#website"},"datePublished":"2021-04-21T15:01:08+00:00","dateModified":"2024-04-05T13:53:06+00:00","breadcrumb":{"@id":"https:\/\/www.wtbgroup.com\/en\/terms-of-use\/#breadcrumb"},"inLanguage":"en-US","potentialAction":[{"@type":"ReadAction","target":["https:\/\/www.wtbgroup.com\/en\/terms-of-use\/"]}]},{"@type":"BreadcrumbList","@id":"https:\/\/www.wtbgroup.com\/en\/terms-of-use\/#breadcrumb","itemListElement":[{"@type":"ListItem","position":1,"name":"Home","item":"https:\/\/www.wtbgroup.com\/en\/"},{"@type":"ListItem","position":2,"name":"Terms of use"}]},{"@type":"WebSite","@id":"https:\/\/www.wtbgroup.com\/en\/#website","url":"https:\/\/www.wtbgroup.com\/en\/","name":"WTB Group","description":"\u00c0 chaque dormeur son matelas","publisher":{"@id":"https:\/\/www.wtbgroup.com\/en\/#organization"},"alternateName":"WTB Group","potentialAction":[{"@type":"SearchAction","target":{"@type":"EntryPoint","urlTemplate":"https:\/\/www.wtbgroup.com\/en\/?s={search_term_string}"},"query-input":{"@type":"PropertyValueSpecification","valueRequired":true,"valueName":"search_term_string"}}],"inLanguage":"en-US"},{"@type":"Organization","@id":"https:\/\/www.wtbgroup.com\/en\/#organization","name":"WTB Group","url":"https:\/\/www.wtbgroup.com\/en\/","logo":{"@type":"ImageObject","inLanguage":"en-US","@id":"https:\/\/www.wtbgroup.com\/en\/#\/schema\/logo\/image\/","url":"https:\/\/www.wtbgroup.com\/app\/uploads\/2024\/02\/Wtb_group_favicon.svg","contentUrl":"https:\/\/www.wtbgroup.com\/app\/uploads\/2024\/02\/Wtb_group_favicon.svg","width":512,"height":512,"caption":"WTB Group"},"image":{"@id":"https:\/\/www.wtbgroup.com\/en\/#\/schema\/logo\/image\/"},"sameAs":["https:\/\/www.linkedin.com\/company\/wtb-group"]}]}},"_links":{"self":[{"href":"https:\/\/www.wtbgroup.com\/en\/wp-json\/wp\/v2\/pages\/2616","targetHints":{"allow":["GET"]}}],"collection":[{"href":"https:\/\/www.wtbgroup.com\/en\/wp-json\/wp\/v2\/pages"}],"about":[{"href":"https:\/\/www.wtbgroup.com\/en\/wp-json\/wp\/v2\/types\/page"}],"author":[{"embeddable":true,"href":"https:\/\/www.wtbgroup.com\/en\/wp-json\/wp\/v2\/users\/11"}],"replies":[{"embeddable":true,"href":"https:\/\/www.wtbgroup.com\/en\/wp-json\/wp\/v2\/comments?post=2616"}],"version-history":[{"count":7,"href":"https:\/\/www.wtbgroup.com\/en\/wp-json\/wp\/v2\/pages\/2616\/revisions"}],"predecessor-version":[{"id":2623,"href":"https:\/\/www.wtbgroup.com\/en\/wp-json\/wp\/v2\/pages\/2616\/revisions\/2623"}],"wp:attachment":[{"href":"https:\/\/www.wtbgroup.com\/en\/wp-json\/wp\/v2\/media?parent=2616"}],"curies":[{"name":"wp","href":"https:\/\/api.w.org\/{rel}","templated":true}]}}